{"id":30,"date":"2025-11-15T20:17:50","date_gmt":"2025-11-15T20:17:50","guid":{"rendered":"https:\/\/srv97750.seohost.com.pl\/?page_id=30"},"modified":"2026-02-01T18:40:26","modified_gmt":"2026-02-01T17:40:26","slug":"%e5%85%b3%e4%ba%8e%e6%88%91%e4%bb%ac","status":"publish","type":"page","link":"https:\/\/moovininteriors.pl\/zh\/%e5%85%b3%e4%ba%8e%e6%88%91%e4%bb%ac\/","title":{"rendered":"\u5173\u4e8e\u6211\u4eec"},"content":{"rendered":"","protected":false},"excerpt":{"rendered":"","protected":false},"author":1,"featured_media":0,"parent":0,"menu_order":0,"comment_status":"closed","ping_status":"closed","template":"template-about.php","meta":{"_acf_changed":false,"footnotes":""},"class_list":["post-30","page","type-page","status-publish","hentry"],"acf":[],"yoast_head":"\nMoovin Interiors \u00b7 Pracownia architektoniczna z Warszawy<\/title>\n<meta name=\"description\" content=\"Pracownia architektoniczna z Warszawy Moovin Interiors oferuje kompleksowe projekty wn\u0119trz \u2013 od pomys\u0142u po profesjonaln\u0105 realizacj\u0119.\" \/>\n<meta name=\"robots\" content=\"index, follow, max-snippet:-1, max-image-preview:large, max-video-preview:-1\" \/>\n<link rel=\"canonical\" href=\"https:\/\/moovininteriors.pl\/zh\/\u5173\u4e8e\u6211\u4eec\/\" \/>\n<meta property=\"og:locale\" content=\"zh_CN\" \/>\n<meta property=\"og:type\" content=\"article\" \/>\n<meta property=\"og:title\" content=\"Moovin Interiors \u00b7 Pracownia architektoniczna z Warszawy\" \/>\n<meta property=\"og:description\" content=\"Pracownia architektoniczna z Warszawy Moovin Interiors oferuje kompleksowe projekty wn\u0119trz \u2013 od pomys\u0142u po profesjonaln\u0105 realizacj\u0119.\" \/>\n<meta property=\"og:url\" content=\"https:\/\/moovininteriors.pl\/zh\/\u5173\u4e8e\u6211\u4eec\/\" \/>\n<meta property=\"og:site_name\" content=\"Moovininteriors\" \/>\n<meta property=\"article:modified_time\" content=\"2026-02-01T17:40:26+00:00\" \/>\n<meta name=\"twitter:card\" content=\"summary_large_image\" \/>\n<script type=\"application\/ld+json\" class=\"yoast-schema-graph\">{\"@context\":\"https:\/\/schema.org\",\"@graph\":[{\"@type\":\"WebPage\",\"@id\":\"https:\/\/moovininteriors.pl\/o-nas\/\",\"url\":\"https:\/\/moovininteriors.pl\/o-nas\/\",\"name\":\"Moovin Interiors \u00b7 Pracownia architektoniczna z Warszawy\",\"isPartOf\":{\"@id\":\"https:\/\/moovininteriors.pl\/#website\"},\"datePublished\":\"2025-11-15T20:17:50+00:00\",\"dateModified\":\"2026-02-01T17:40:26+00:00\",\"description\":\"Pracownia architektoniczna z Warszawy Moovin Interiors oferuje kompleksowe projekty wn\u0119trz \u2013 od pomys\u0142u po profesjonaln\u0105 realizacj\u0119.\",\"breadcrumb\":{\"@id\":\"https:\/\/moovininteriors.pl\/o-nas\/#breadcrumb\"},\"inLanguage\":\"zh-Hans\",\"potentialAction\":[{\"@type\":\"ReadAction\",\"target\":[\"https:\/\/moovininteriors.pl\/o-nas\/\"]}]},{\"@type\":\"BreadcrumbList\",\"@id\":\"https:\/\/moovininteriors.pl\/o-nas\/#breadcrumb\",\"itemListElement\":[{\"@type\":\"ListItem\",\"position\":1,\"name\":\"Strona g\u0142\u00f3wna\",\"item\":\"https:\/\/moovininteriors.pl\/\"},{\"@type\":\"ListItem\",\"position\":2,\"name\":\"O nas\"}]},{\"@type\":\"WebSite\",\"@id\":\"https:\/\/moovininteriors.pl\/#website\",\"url\":\"https:\/\/moovininteriors.pl\/\",\"name\":\"Moovininteriors\",\"description\":\"Moovininteriors\",\"publisher\":{\"@id\":\"https:\/\/moovininteriors.pl\/#organization\"},\"potentialAction\":[{\"@type\":\"SearchAction\",\"target\":{\"@type\":\"EntryPoint\",\"urlTemplate\":\"https:\/\/moovininteriors.pl\/?s={search_term_string}\"},\"query-input\":{\"@type\":\"PropertyValueSpecification\",\"valueRequired\":true,\"valueName\":\"search_term_string\"}}],\"inLanguage\":\"zh-Hans\"},{\"@type\":\"Organization\",\"@id\":\"https:\/\/moovininteriors.pl\/#organization\",\"name\":\"Moovininteriors\",\"url\":\"https:\/\/moovininteriors.pl\/\",\"logo\":{\"@type\":\"ImageObject\",\"inLanguage\":\"zh-Hans\",\"@id\":\"https:\/\/moovininteriors.pl\/#\/schema\/logo\/image\/\",\"url\":\"https:\/\/moovininteriors.pl\/wp-content\/uploads\/sites\/2\/2025\/11\/cropped-cropped-MOOVIN_LOGO_WHITE2_RGB-e1761658208344.png\",\"contentUrl\":\"https:\/\/moovininteriors.pl\/wp-content\/uploads\/sites\/2\/2025\/11\/cropped-cropped-MOOVIN_LOGO_WHITE2_RGB-e1761658208344.png\",\"width\":310,\"height\":170,\"caption\":\"Moovininteriors\"},\"image\":{\"@id\":\"https:\/\/moovininteriors.pl\/#\/schema\/logo\/image\/\"}}]}<\/script>\n<!-- \/ Yoast SEO plugin. -->","yoast_head_json":{"title":"Moovin Interiors \u00b7 \u534e\u6c99\u5efa\u7b51\u8bbe\u8ba1\u5de5\u4f5c\u5ba4","description":"\u4f4d\u4e8e\u534e\u6c99\u7684\u5efa\u7b51\u8bbe\u8ba1\u5de5\u4f5c\u5ba4 Moovin Interiors \u63d0\u4f9b\u5168\u9762\u7684\u5ba4\u5185\u8bbe\u8ba1\u670d\u52a1\u2014\u2014\u4ece\u6982\u5ff5\u5230\u4e13\u4e1a\u5b9e\u65bd\u3002.","robots":{"index":"index","follow":"follow","max-snippet":"max-snippet:-1","max-image-preview":"max-image-preview:large","max-video-preview":"max-video-preview:-1"},"canonical":"https:\/\/moovininteriors.pl\/zh\/\u5173\u4e8e\u6211\u4eec\/","og_locale":"zh_CN","og_type":"article","og_title":"Moovin Interiors \u00b7 Pracownia architektoniczna z Warszawy","og_description":"Pracownia architektoniczna z Warszawy Moovin Interiors oferuje kompleksowe projekty wn\u0119trz \u2013 od pomys\u0142u po profesjonaln\u0105 realizacj\u0119.","og_url":"https:\/\/moovininteriors.pl\/zh\/\u5173\u4e8e\u6211\u4eec\/","og_site_name":"Moovininteriors","article_modified_time":"2026-02-01T17:40:26+00:00","twitter_card":"summary_large_image","schema":{"@context":"https:\/\/schema.org","@graph":[{"@type":"WebPage","@id":"https:\/\/moovininteriors.pl\/o-nas\/","url":"https:\/\/moovininteriors.pl\/o-nas\/","name":"Moovin Interiors \u00b7 \u534e\u6c99\u5efa\u7b51\u8bbe\u8ba1\u5de5\u4f5c\u5ba4","isPartOf":{"@id":"https:\/\/moovininteriors.pl\/#website"},"datePublished":"2025-11-15T20:17:50+00:00","dateModified":"2026-02-01T17:40:26+00:00","description":"\u4f4d\u4e8e\u534e\u6c99\u7684\u5efa\u7b51\u8bbe\u8ba1\u5de5\u4f5c\u5ba4 Moovin Interiors \u63d0\u4f9b\u5168\u9762\u7684\u5ba4\u5185\u8bbe\u8ba1\u670d\u52a1\u2014\u2014\u4ece\u6982\u5ff5\u5230\u4e13\u4e1a\u5b9e\u65bd\u3002.","breadcrumb":{"@id":"https:\/\/moovininteriors.pl\/o-nas\/#breadcrumb"},"inLanguage":"zh-Hans","potentialAction":[{"@type":"ReadAction","target":["https:\/\/moovininteriors.pl\/o-nas\/"]}]},{"@type":"BreadcrumbList","@id":"https:\/\/moovininteriors.pl\/o-nas\/#breadcrumb","itemListElement":[{"@type":"ListItem","position":1,"name":"Strona g\u0142\u00f3wna","item":"https:\/\/moovininteriors.pl\/"},{"@type":"ListItem","position":2,"name":"O nas"}]},{"@type":"WebSite","@id":"https:\/\/moovininteriors.pl\/#website","url":"https:\/\/moovininteriors.pl\/","name":"Moovin\u5ba4\u5185\u8bbe\u8ba1","description":"Moovin\u5ba4\u5185\u8bbe\u8ba1","publisher":{"@id":"https:\/\/moovininteriors.pl\/#organization"},"potentialAction":[{"@type":"SearchAction","target":{"@type":"EntryPoint","urlTemplate":"https:\/\/moovininteriors.pl\/?s={search_term_string}"},"query-input":{"@type":"PropertyValueSpecification","valueRequired":true,"valueName":"search_term_string"}}],"inLanguage":"zh-Hans"},{"@type":"Organization","@id":"https:\/\/moovininteriors.pl\/#organization","name":"Moovin\u5ba4\u5185\u8bbe\u8ba1","url":"https:\/\/moovininteriors.pl\/","logo":{"@type":"ImageObject","inLanguage":"zh-Hans","@id":"https:\/\/moovininteriors.pl\/#\/schema\/logo\/image\/","url":"https:\/\/moovininteriors.pl\/wp-content\/uploads\/sites\/2\/2025\/11\/cropped-cropped-MOOVIN_LOGO_WHITE2_RGB-e1761658208344.png","contentUrl":"https:\/\/moovininteriors.pl\/wp-content\/uploads\/sites\/2\/2025\/11\/cropped-cropped-MOOVIN_LOGO_WHITE2_RGB-e1761658208344.png","width":310,"height":170,"caption":"Moovininteriors"},"image":{"@id":"https:\/\/moovininteriors.pl\/#\/schema\/logo\/image\/"}}]}},"_links":{"self":[{"href":"https:\/\/moovininteriors.pl\/zh\/wp-json\/wp\/v2\/pages\/30","targetHints":{"allow":["GET"]}}],"collection":[{"href":"https:\/\/moovininteriors.pl\/zh\/wp-json\/wp\/v2\/pages"}],"about":[{"href":"https:\/\/moovininteriors.pl\/zh\/wp-json\/wp\/v2\/types\/page"}],"author":[{"embeddable":true,"href":"https:\/\/moovininteriors.pl\/zh\/wp-json\/wp\/v2\/users\/1"}],"replies":[{"embeddable":true,"href":"https:\/\/moovininteriors.pl\/zh\/wp-json\/wp\/v2\/comments?post=30"}],"version-history":[{"count":10,"href":"https:\/\/moovininteriors.pl\/zh\/wp-json\/wp\/v2\/pages\/30\/revisions"}],"predecessor-version":[{"id":8432,"href":"https:\/\/moovininteriors.pl\/zh\/wp-json\/wp\/v2\/pages\/30\/revisions\/8432"}],"wp:attachment":[{"href":"https:\/\/moovininteriors.pl\/zh\/wp-json\/wp\/v2\/media?parent=30"}],"curies":[{"name":"wp","href":"https:\/\/api.w.org\/{rel}","templated":true}]}}