{"id":28,"date":"2025-11-15T20:17:35","date_gmt":"2025-11-15T20:17:35","guid":{"rendered":"https:\/\/srv97750.seohost.com.pl\/?page_id=28"},"modified":"2026-02-01T18:39:53","modified_gmt":"2026-02-01T17:39:53","slug":"%e6%88%91%e4%bb%ac%e7%9a%84%e6%b5%81%e7%a8%8b","status":"publish","type":"page","link":"https:\/\/moovininteriors.pl\/zh\/%e6%88%91%e4%bb%ac%e7%9a%84%e6%b5%81%e7%a8%8b\/","title":{"rendered":"\u6211\u4eec\u7684\u6d41\u7a0b"},"content":{"rendered":"","protected":false},"excerpt":{"rendered":"","protected":false},"author":1,"featured_media":7686,"parent":0,"menu_order":0,"comment_status":"closed","ping_status":"closed","template":"template-process.php","meta":{"_acf_changed":false,"footnotes":""},"class_list":["post-28","page","type-page","status-publish","has-post-thumbnail","hentry"],"acf":[],"yoast_head":"<!-- This site is optimized with the Yoast SEO plugin v26.5 - https:\/\/yoast.com\/wordpress\/plugins\/seo\/ -->\n<title>Nasz Proces - Moovininteriors<\/title>\n<meta name=\"description\" content=\"\u0141\u0105czymy projektowanie wn\u0119trz z us\u0142ugami wyko\u0144czeniowymi. Zrealizujemy marzenie o idealnym domu, jednocze\u015bnie zdejmuj\u0105c z g\u0142owy ca\u0142y problem z realizacj\u0105!\" \/>\n<meta name=\"robots\" content=\"index, follow, max-snippet:-1, max-image-preview:large, max-video-preview:-1\" \/>\n<link rel=\"canonical\" href=\"https:\/\/moovininteriors.pl\/zh\/\u6211\u4eec\u7684\u6d41\u7a0b\/\" \/>\n<meta property=\"og:locale\" content=\"zh_CN\" \/>\n<meta property=\"og:type\" content=\"article\" \/>\n<meta property=\"og:title\" content=\"Nasz Proces - Moovininteriors\" \/>\n<meta property=\"og:description\" content=\"\u0141\u0105czymy projektowanie wn\u0119trz z us\u0142ugami wyko\u0144czeniowymi. Zrealizujemy marzenie o idealnym domu, jednocze\u015bnie zdejmuj\u0105c z g\u0142owy ca\u0142y problem z realizacj\u0105!\" \/>\n<meta property=\"og:url\" content=\"https:\/\/moovininteriors.pl\/zh\/\u6211\u4eec\u7684\u6d41\u7a0b\/\" \/>\n<meta property=\"og:site_name\" content=\"Moovininteriors\" \/>\n<meta property=\"article:modified_time\" content=\"2026-02-01T17:39:53+00:00\" \/>\n<meta property=\"og:image\" content=\"https:\/\/moovininteriors.pl\/wp-content\/uploads\/sites\/2\/2025\/07\/Hype_Livingroom_1-1024x771.png\" \/>\n\t<meta property=\"og:image:width\" content=\"1024\" \/>\n\t<meta property=\"og:image:height\" content=\"771\" \/>\n\t<meta property=\"og:image:type\" content=\"image\/png\" \/>\n<meta name=\"twitter:card\" content=\"summary_large_image\" \/>\n<meta name=\"twitter:label1\" content=\"\u9884\u8ba1\u9605\u8bfb\u65f6\u95f4\" \/>\n\t<meta name=\"twitter:data1\" content=\"1 \u5206\" \/>\n<script type=\"application\/ld+json\" class=\"yoast-schema-graph\">{\"@context\":\"https:\/\/schema.org\",\"@graph\":[{\"@type\":\"WebPage\",\"@id\":\"https:\/\/moovininteriors.pl\/nasz-proces\/\",\"url\":\"https:\/\/moovininteriors.pl\/nasz-proces\/\",\"name\":\"Nasz Proces - Moovininteriors\",\"isPartOf\":{\"@id\":\"https:\/\/moovininteriors.pl\/#website\"},\"primaryImageOfPage\":{\"@id\":\"https:\/\/moovininteriors.pl\/nasz-proces\/#primaryimage\"},\"image\":{\"@id\":\"https:\/\/moovininteriors.pl\/nasz-proces\/#primaryimage\"},\"thumbnailUrl\":\"https:\/\/moovininteriors.pl\/wp-content\/uploads\/sites\/2\/2025\/07\/Hype_Livingroom_1.png\",\"datePublished\":\"2025-11-15T20:17:35+00:00\",\"dateModified\":\"2026-02-01T17:39:53+00:00\",\"description\":\"\u0141\u0105czymy projektowanie wn\u0119trz z us\u0142ugami wyko\u0144czeniowymi. Zrealizujemy marzenie o idealnym domu, jednocze\u015bnie zdejmuj\u0105c z g\u0142owy ca\u0142y problem z realizacj\u0105!\",\"breadcrumb\":{\"@id\":\"https:\/\/moovininteriors.pl\/nasz-proces\/#breadcrumb\"},\"inLanguage\":\"zh-Hans\",\"potentialAction\":[{\"@type\":\"ReadAction\",\"target\":[\"https:\/\/moovininteriors.pl\/nasz-proces\/\"]}]},{\"@type\":\"ImageObject\",\"inLanguage\":\"zh-Hans\",\"@id\":\"https:\/\/moovininteriors.pl\/nasz-proces\/#primaryimage\",\"url\":\"https:\/\/moovininteriors.pl\/wp-content\/uploads\/sites\/2\/2025\/07\/Hype_Livingroom_1.png\",\"contentUrl\":\"https:\/\/moovininteriors.pl\/wp-content\/uploads\/sites\/2\/2025\/07\/Hype_Livingroom_1.png\",\"width\":2464,\"height\":1856},{\"@type\":\"BreadcrumbList\",\"@id\":\"https:\/\/moovininteriors.pl\/nasz-proces\/#breadcrumb\",\"itemListElement\":[{\"@type\":\"ListItem\",\"position\":1,\"name\":\"Strona g\u0142\u00f3wna\",\"item\":\"https:\/\/moovininteriors.pl\/\"},{\"@type\":\"ListItem\",\"position\":2,\"name\":\"Nasz Proces\"}]},{\"@type\":\"WebSite\",\"@id\":\"https:\/\/moovininteriors.pl\/#website\",\"url\":\"https:\/\/moovininteriors.pl\/\",\"name\":\"Moovininteriors\",\"description\":\"Moovininteriors\",\"publisher\":{\"@id\":\"https:\/\/moovininteriors.pl\/#organization\"},\"potentialAction\":[{\"@type\":\"SearchAction\",\"target\":{\"@type\":\"EntryPoint\",\"urlTemplate\":\"https:\/\/moovininteriors.pl\/?s={search_term_string}\"},\"query-input\":{\"@type\":\"PropertyValueSpecification\",\"valueRequired\":true,\"valueName\":\"search_term_string\"}}],\"inLanguage\":\"zh-Hans\"},{\"@type\":\"Organization\",\"@id\":\"https:\/\/moovininteriors.pl\/#organization\",\"name\":\"Moovininteriors\",\"url\":\"https:\/\/moovininteriors.pl\/\",\"logo\":{\"@type\":\"ImageObject\",\"inLanguage\":\"zh-Hans\",\"@id\":\"https:\/\/moovininteriors.pl\/#\/schema\/logo\/image\/\",\"url\":\"https:\/\/moovininteriors.pl\/wp-content\/uploads\/sites\/2\/2025\/11\/cropped-cropped-MOOVIN_LOGO_WHITE2_RGB-e1761658208344.png\",\"contentUrl\":\"https:\/\/moovininteriors.pl\/wp-content\/uploads\/sites\/2\/2025\/11\/cropped-cropped-MOOVIN_LOGO_WHITE2_RGB-e1761658208344.png\",\"width\":310,\"height\":170,\"caption\":\"Moovininteriors\"},\"image\":{\"@id\":\"https:\/\/moovininteriors.pl\/#\/schema\/logo\/image\/\"}}]}<\/script>\n<!-- \/ Yoast SEO plugin. -->","yoast_head_json":{"title":"\u6211\u4eec\u7684\u6d41\u7a0b - Moovinteriors","description":"\u6211\u4eec\u5c06\u5ba4\u5185\u8bbe\u8ba1\u4e0e\u88c5\u4fee\u670d\u52a1\u76f8\u7ed3\u5408\u3002\u6211\u4eec\u5c06\u628a\u60a8\u68a6\u60f3\u4e2d\u7684\u5b8c\u7f8e\u5bb6\u56ed\u53d8\u4e3a\u73b0\u5b9e\uff0c\u540c\u65f6\u514d\u53bb\u60a8\u5b9e\u65bd\u8fc7\u7a0b\u4e2d\u7684\u6240\u6709\u9ebb\u70e6\uff01","robots":{"index":"index","follow":"follow","max-snippet":"max-snippet:-1","max-image-preview":"max-image-preview:large","max-video-preview":"max-video-preview:-1"},"canonical":"https:\/\/moovininteriors.pl\/zh\/\u6211\u4eec\u7684\u6d41\u7a0b\/","og_locale":"zh_CN","og_type":"article","og_title":"Nasz Proces - Moovininteriors","og_description":"\u0141\u0105czymy projektowanie wn\u0119trz z us\u0142ugami wyko\u0144czeniowymi. Zrealizujemy marzenie o idealnym domu, jednocze\u015bnie zdejmuj\u0105c z g\u0142owy ca\u0142y problem z realizacj\u0105!","og_url":"https:\/\/moovininteriors.pl\/zh\/\u6211\u4eec\u7684\u6d41\u7a0b\/","og_site_name":"Moovininteriors","article_modified_time":"2026-02-01T17:39:53+00:00","og_image":[{"width":1024,"height":771,"url":"https:\/\/moovininteriors.pl\/wp-content\/uploads\/sites\/2\/2025\/07\/Hype_Livingroom_1-1024x771.png","type":"image\/png"}],"twitter_card":"summary_large_image","twitter_misc":{"\u9884\u8ba1\u9605\u8bfb\u65f6\u95f4":"1 \u5206"},"schema":{"@context":"https:\/\/schema.org","@graph":[{"@type":"WebPage","@id":"https:\/\/moovininteriors.pl\/nasz-proces\/","url":"https:\/\/moovininteriors.pl\/nasz-proces\/","name":"\u6211\u4eec\u7684\u6d41\u7a0b - Moovinteriors","isPartOf":{"@id":"https:\/\/moovininteriors.pl\/#website"},"primaryImageOfPage":{"@id":"https:\/\/moovininteriors.pl\/nasz-proces\/#primaryimage"},"image":{"@id":"https:\/\/moovininteriors.pl\/nasz-proces\/#primaryimage"},"thumbnailUrl":"https:\/\/moovininteriors.pl\/wp-content\/uploads\/sites\/2\/2025\/07\/Hype_Livingroom_1.png","datePublished":"2025-11-15T20:17:35+00:00","dateModified":"2026-02-01T17:39:53+00:00","description":"\u6211\u4eec\u5c06\u5ba4\u5185\u8bbe\u8ba1\u4e0e\u88c5\u4fee\u670d\u52a1\u76f8\u7ed3\u5408\u3002\u6211\u4eec\u5c06\u628a\u60a8\u68a6\u60f3\u4e2d\u7684\u5b8c\u7f8e\u5bb6\u56ed\u53d8\u4e3a\u73b0\u5b9e\uff0c\u540c\u65f6\u514d\u53bb\u60a8\u5b9e\u65bd\u8fc7\u7a0b\u4e2d\u7684\u6240\u6709\u9ebb\u70e6\uff01","breadcrumb":{"@id":"https:\/\/moovininteriors.pl\/nasz-proces\/#breadcrumb"},"inLanguage":"zh-Hans","potentialAction":[{"@type":"ReadAction","target":["https:\/\/moovininteriors.pl\/nasz-proces\/"]}]},{"@type":"ImageObject","inLanguage":"zh-Hans","@id":"https:\/\/moovininteriors.pl\/nasz-proces\/#primaryimage","url":"https:\/\/moovininteriors.pl\/wp-content\/uploads\/sites\/2\/2025\/07\/Hype_Livingroom_1.png","contentUrl":"https:\/\/moovininteriors.pl\/wp-content\/uploads\/sites\/2\/2025\/07\/Hype_Livingroom_1.png","width":2464,"height":1856},{"@type":"BreadcrumbList","@id":"https:\/\/moovininteriors.pl\/nasz-proces\/#breadcrumb","itemListElement":[{"@type":"ListItem","position":1,"name":"Strona g\u0142\u00f3wna","item":"https:\/\/moovininteriors.pl\/"},{"@type":"ListItem","position":2,"name":"Nasz Proces"}]},{"@type":"WebSite","@id":"https:\/\/moovininteriors.pl\/#website","url":"https:\/\/moovininteriors.pl\/","name":"Moovin\u5ba4\u5185\u8bbe\u8ba1","description":"Moovin\u5ba4\u5185\u8bbe\u8ba1","publisher":{"@id":"https:\/\/moovininteriors.pl\/#organization"},"potentialAction":[{"@type":"SearchAction","target":{"@type":"EntryPoint","urlTemplate":"https:\/\/moovininteriors.pl\/?s={search_term_string}"},"query-input":{"@type":"PropertyValueSpecification","valueRequired":true,"valueName":"search_term_string"}}],"inLanguage":"zh-Hans"},{"@type":"Organization","@id":"https:\/\/moovininteriors.pl\/#organization","name":"Moovin\u5ba4\u5185\u8bbe\u8ba1","url":"https:\/\/moovininteriors.pl\/","logo":{"@type":"ImageObject","inLanguage":"zh-Hans","@id":"https:\/\/moovininteriors.pl\/#\/schema\/logo\/image\/","url":"https:\/\/moovininteriors.pl\/wp-content\/uploads\/sites\/2\/2025\/11\/cropped-cropped-MOOVIN_LOGO_WHITE2_RGB-e1761658208344.png","contentUrl":"https:\/\/moovininteriors.pl\/wp-content\/uploads\/sites\/2\/2025\/11\/cropped-cropped-MOOVIN_LOGO_WHITE2_RGB-e1761658208344.png","width":310,"height":170,"caption":"Moovininteriors"},"image":{"@id":"https:\/\/moovininteriors.pl\/#\/schema\/logo\/image\/"}}]}},"_links":{"self":[{"href":"https:\/\/moovininteriors.pl\/zh\/wp-json\/wp\/v2\/pages\/28","targetHints":{"allow":["GET"]}}],"collection":[{"href":"https:\/\/moovininteriors.pl\/zh\/wp-json\/wp\/v2\/pages"}],"about":[{"href":"https:\/\/moovininteriors.pl\/zh\/wp-json\/wp\/v2\/types\/page"}],"author":[{"embeddable":true,"href":"https:\/\/moovininteriors.pl\/zh\/wp-json\/wp\/v2\/users\/1"}],"replies":[{"embeddable":true,"href":"https:\/\/moovininteriors.pl\/zh\/wp-json\/wp\/v2\/comments?post=28"}],"version-history":[{"count":2,"href":"https:\/\/moovininteriors.pl\/zh\/wp-json\/wp\/v2\/pages\/28\/revisions"}],"predecessor-version":[{"id":8280,"href":"https:\/\/moovininteriors.pl\/zh\/wp-json\/wp\/v2\/pages\/28\/revisions\/8280"}],"wp:featuredmedia":[{"embeddable":true,"href":"https:\/\/moovininteriors.pl\/zh\/wp-json\/wp\/v2\/media\/7686"}],"wp:attachment":[{"href":"https:\/\/moovininteriors.pl\/zh\/wp-json\/wp\/v2\/media?parent=28"}],"curies":[{"name":"wp","href":"https:\/\/api.w.org\/{rel}","templated":true}]}}