{"id":28,"date":"2025-11-15T20:17:35","date_gmt":"2025-11-15T20:17:35","guid":{"rendered":"https:\/\/srv97750.seohost.com.pl\/?page_id=28"},"modified":"2026-02-01T18:39:53","modified_gmt":"2026-02-01T17:39:53","slug":"%ec%9a%b0%eb%a6%ac%ec%9d%98-%ed%94%84%eb%a1%9c%ec%84%b8%ec%8a%a4","status":"publish","type":"page","link":"https:\/\/moovininteriors.pl\/ko\/%ec%9a%b0%eb%a6%ac%ec%9d%98-%ed%94%84%eb%a1%9c%ec%84%b8%ec%8a%a4\/","title":{"rendered":"\uc6b0\ub9ac\uc758 \ud504\ub85c\uc138\uc2a4"},"content":{"rendered":"","protected":false},"excerpt":{"rendered":"","protected":false},"author":1,"featured_media":7686,"parent":0,"menu_order":0,"comment_status":"closed","ping_status":"closed","template":"template-process.php","meta":{"_acf_changed":false,"footnotes":""},"class_list":["post-28","page","type-page","status-publish","has-post-thumbnail","hentry"],"acf":[],"yoast_head":"\nNasz Proces - Moovininteriors<\/title>\n<meta name=\"description\" content=\"\u0141\u0105czymy projektowanie wn\u0119trz z us\u0142ugami wyko\u0144czeniowymi. Zrealizujemy marzenie o idealnym domu, jednocze\u015bnie zdejmuj\u0105c z g\u0142owy ca\u0142y problem z realizacj\u0105!\" \/>\n<meta name=\"robots\" content=\"index, follow, max-snippet:-1, max-image-preview:large, max-video-preview:-1\" \/>\n<link rel=\"canonical\" href=\"https:\/\/moovininteriors.pl\/ko\/\uc6b0\ub9ac\uc758-\ud504\ub85c\uc138\uc2a4\/\" \/>\n<meta property=\"og:locale\" content=\"ko_KR\" \/>\n<meta property=\"og:type\" content=\"article\" \/>\n<meta property=\"og:title\" content=\"Nasz Proces - Moovininteriors\" \/>\n<meta property=\"og:description\" content=\"\u0141\u0105czymy projektowanie wn\u0119trz z us\u0142ugami wyko\u0144czeniowymi. Zrealizujemy marzenie o idealnym domu, jednocze\u015bnie zdejmuj\u0105c z g\u0142owy ca\u0142y problem z realizacj\u0105!\" \/>\n<meta property=\"og:url\" content=\"https:\/\/moovininteriors.pl\/ko\/\uc6b0\ub9ac\uc758-\ud504\ub85c\uc138\uc2a4\/\" \/>\n<meta property=\"og:site_name\" content=\"Moovininteriors\" \/>\n<meta property=\"article:modified_time\" content=\"2026-02-01T17:39:53+00:00\" \/>\n<meta property=\"og:image\" content=\"https:\/\/moovininteriors.pl\/wp-content\/uploads\/sites\/2\/2025\/07\/Hype_Livingroom_1-1024x771.png\" \/>\n\t<meta property=\"og:image:width\" content=\"1024\" \/>\n\t<meta property=\"og:image:height\" content=\"771\" \/>\n\t<meta property=\"og:image:type\" content=\"image\/png\" \/>\n<meta name=\"twitter:card\" content=\"summary_large_image\" \/>\n<meta name=\"twitter:label1\" content=\"\uc608\uc0c1 \ub418\ub294 \ud310\ub3c5 \uc2dc\uac04\" \/>\n\t<meta name=\"twitter:data1\" content=\"1\ubd84\" \/>\n<script type=\"application\/ld+json\" class=\"yoast-schema-graph\">{\"@context\":\"https:\/\/schema.org\",\"@graph\":[{\"@type\":\"WebPage\",\"@id\":\"https:\/\/moovininteriors.pl\/nasz-proces\/\",\"url\":\"https:\/\/moovininteriors.pl\/nasz-proces\/\",\"name\":\"Nasz Proces - Moovininteriors\",\"isPartOf\":{\"@id\":\"https:\/\/moovininteriors.pl\/#website\"},\"primaryImageOfPage\":{\"@id\":\"https:\/\/moovininteriors.pl\/nasz-proces\/#primaryimage\"},\"image\":{\"@id\":\"https:\/\/moovininteriors.pl\/nasz-proces\/#primaryimage\"},\"thumbnailUrl\":\"https:\/\/moovininteriors.pl\/wp-content\/uploads\/sites\/2\/2025\/07\/Hype_Livingroom_1.png\",\"datePublished\":\"2025-11-15T20:17:35+00:00\",\"dateModified\":\"2026-02-01T17:39:53+00:00\",\"description\":\"\u0141\u0105czymy projektowanie wn\u0119trz z us\u0142ugami wyko\u0144czeniowymi. Zrealizujemy marzenie o idealnym domu, jednocze\u015bnie zdejmuj\u0105c z g\u0142owy ca\u0142y problem z realizacj\u0105!\",\"breadcrumb\":{\"@id\":\"https:\/\/moovininteriors.pl\/nasz-proces\/#breadcrumb\"},\"inLanguage\":\"ko-KR\",\"potentialAction\":[{\"@type\":\"ReadAction\",\"target\":[\"https:\/\/moovininteriors.pl\/nasz-proces\/\"]}]},{\"@type\":\"ImageObject\",\"inLanguage\":\"ko-KR\",\"@id\":\"https:\/\/moovininteriors.pl\/nasz-proces\/#primaryimage\",\"url\":\"https:\/\/moovininteriors.pl\/wp-content\/uploads\/sites\/2\/2025\/07\/Hype_Livingroom_1.png\",\"contentUrl\":\"https:\/\/moovininteriors.pl\/wp-content\/uploads\/sites\/2\/2025\/07\/Hype_Livingroom_1.png\",\"width\":2464,\"height\":1856},{\"@type\":\"BreadcrumbList\",\"@id\":\"https:\/\/moovininteriors.pl\/nasz-proces\/#breadcrumb\",\"itemListElement\":[{\"@type\":\"ListItem\",\"position\":1,\"name\":\"Strona g\u0142\u00f3wna\",\"item\":\"https:\/\/moovininteriors.pl\/\"},{\"@type\":\"ListItem\",\"position\":2,\"name\":\"Nasz Proces\"}]},{\"@type\":\"WebSite\",\"@id\":\"https:\/\/moovininteriors.pl\/#website\",\"url\":\"https:\/\/moovininteriors.pl\/\",\"name\":\"Moovininteriors\",\"description\":\"Moovininteriors\",\"publisher\":{\"@id\":\"https:\/\/moovininteriors.pl\/#organization\"},\"potentialAction\":[{\"@type\":\"SearchAction\",\"target\":{\"@type\":\"EntryPoint\",\"urlTemplate\":\"https:\/\/moovininteriors.pl\/?s={search_term_string}\"},\"query-input\":{\"@type\":\"PropertyValueSpecification\",\"valueRequired\":true,\"valueName\":\"search_term_string\"}}],\"inLanguage\":\"ko-KR\"},{\"@type\":\"Organization\",\"@id\":\"https:\/\/moovininteriors.pl\/#organization\",\"name\":\"Moovininteriors\",\"url\":\"https:\/\/moovininteriors.pl\/\",\"logo\":{\"@type\":\"ImageObject\",\"inLanguage\":\"ko-KR\",\"@id\":\"https:\/\/moovininteriors.pl\/#\/schema\/logo\/image\/\",\"url\":\"https:\/\/moovininteriors.pl\/wp-content\/uploads\/sites\/2\/2025\/11\/cropped-cropped-MOOVIN_LOGO_WHITE2_RGB-e1761658208344.png\",\"contentUrl\":\"https:\/\/moovininteriors.pl\/wp-content\/uploads\/sites\/2\/2025\/11\/cropped-cropped-MOOVIN_LOGO_WHITE2_RGB-e1761658208344.png\",\"width\":310,\"height\":170,\"caption\":\"Moovininteriors\"},\"image\":{\"@id\":\"https:\/\/moovininteriors.pl\/#\/schema\/logo\/image\/\"}}]}<\/script>\n<!-- \/ Yoast SEO plugin. -->","yoast_head_json":{"title":"\uc800\ud76c\uc758 \ud504\ub85c\uc138\uc2a4 - \ubb34\ube44\uc778\ud14c\ub9ac\uc5b4","description":"\uc800\ud76c\ub294 \uc778\ud14c\ub9ac\uc5b4 \ub514\uc790\uc778\uacfc \ub9c8\uac10 \uc11c\ube44\uc2a4\ub97c \uacb0\ud569\ud558\uc5ec \uc81c\uacf5\ud569\ub2c8\ub2e4. \uace0\uac1d\ub2d8\uc758 \uc644\ubcbd\ud55c \uc9d1\uc5d0 \ub300\ud55c \uafc8\uc744 \ud604\uc2e4\ub85c \ub9cc\ub4e4\uc5b4 \ub4dc\ub9ac\ub294 \ub3d9\uc2dc\uc5d0, \uc2dc\uacf5 \uacfc\uc815\uc758 \ubc88\uac70\ub85c\uc6c0\uc740 \ub35c\uc5b4\ub4dc\ub9bd\ub2c8\ub2e4!","robots":{"index":"index","follow":"follow","max-snippet":"max-snippet:-1","max-image-preview":"max-image-preview:large","max-video-preview":"max-video-preview:-1"},"canonical":"https:\/\/moovininteriors.pl\/ko\/\uc6b0\ub9ac\uc758-\ud504\ub85c\uc138\uc2a4\/","og_locale":"ko_KR","og_type":"article","og_title":"Nasz Proces - Moovininteriors","og_description":"\u0141\u0105czymy projektowanie wn\u0119trz z us\u0142ugami wyko\u0144czeniowymi. Zrealizujemy marzenie o idealnym domu, jednocze\u015bnie zdejmuj\u0105c z g\u0142owy ca\u0142y problem z realizacj\u0105!","og_url":"https:\/\/moovininteriors.pl\/ko\/\uc6b0\ub9ac\uc758-\ud504\ub85c\uc138\uc2a4\/","og_site_name":"Moovininteriors","article_modified_time":"2026-02-01T17:39:53+00:00","og_image":[{"width":1024,"height":771,"url":"https:\/\/moovininteriors.pl\/wp-content\/uploads\/sites\/2\/2025\/07\/Hype_Livingroom_1-1024x771.png","type":"image\/png"}],"twitter_card":"summary_large_image","twitter_misc":{"\uc608\uc0c1 \ub418\ub294 \ud310\ub3c5 \uc2dc\uac04":"1\ubd84"},"schema":{"@context":"https:\/\/schema.org","@graph":[{"@type":"WebPage","@id":"https:\/\/moovininteriors.pl\/nasz-proces\/","url":"https:\/\/moovininteriors.pl\/nasz-proces\/","name":"\uc800\ud76c\uc758 \ud504\ub85c\uc138\uc2a4 - \ubb34\ube44\uc778\ud14c\ub9ac\uc5b4","isPartOf":{"@id":"https:\/\/moovininteriors.pl\/#website"},"primaryImageOfPage":{"@id":"https:\/\/moovininteriors.pl\/nasz-proces\/#primaryimage"},"image":{"@id":"https:\/\/moovininteriors.pl\/nasz-proces\/#primaryimage"},"thumbnailUrl":"https:\/\/moovininteriors.pl\/wp-content\/uploads\/sites\/2\/2025\/07\/Hype_Livingroom_1.png","datePublished":"2025-11-15T20:17:35+00:00","dateModified":"2026-02-01T17:39:53+00:00","description":"\uc800\ud76c\ub294 \uc778\ud14c\ub9ac\uc5b4 \ub514\uc790\uc778\uacfc \ub9c8\uac10 \uc11c\ube44\uc2a4\ub97c \uacb0\ud569\ud558\uc5ec \uc81c\uacf5\ud569\ub2c8\ub2e4. \uace0\uac1d\ub2d8\uc758 \uc644\ubcbd\ud55c \uc9d1\uc5d0 \ub300\ud55c \uafc8\uc744 \ud604\uc2e4\ub85c \ub9cc\ub4e4\uc5b4 \ub4dc\ub9ac\ub294 \ub3d9\uc2dc\uc5d0, \uc2dc\uacf5 \uacfc\uc815\uc758 \ubc88\uac70\ub85c\uc6c0\uc740 \ub35c\uc5b4\ub4dc\ub9bd\ub2c8\ub2e4!","breadcrumb":{"@id":"https:\/\/moovininteriors.pl\/nasz-proces\/#breadcrumb"},"inLanguage":"ko-KR","potentialAction":[{"@type":"ReadAction","target":["https:\/\/moovininteriors.pl\/nasz-proces\/"]}]},{"@type":"ImageObject","inLanguage":"ko-KR","@id":"https:\/\/moovininteriors.pl\/nasz-proces\/#primaryimage","url":"https:\/\/moovininteriors.pl\/wp-content\/uploads\/sites\/2\/2025\/07\/Hype_Livingroom_1.png","contentUrl":"https:\/\/moovininteriors.pl\/wp-content\/uploads\/sites\/2\/2025\/07\/Hype_Livingroom_1.png","width":2464,"height":1856},{"@type":"BreadcrumbList","@id":"https:\/\/moovininteriors.pl\/nasz-proces\/#breadcrumb","itemListElement":[{"@type":"ListItem","position":1,"name":"Strona g\u0142\u00f3wna","item":"https:\/\/moovininteriors.pl\/"},{"@type":"ListItem","position":2,"name":"Nasz Proces"}]},{"@type":"WebSite","@id":"https:\/\/moovininteriors.pl\/#website","url":"https:\/\/moovininteriors.pl\/","name":"\ubb34\ube44\uc778\ud14c\ub9ac\uc5b4","description":"\ubb34\ube44\uc778\ud14c\ub9ac\uc5b4","publisher":{"@id":"https:\/\/moovininteriors.pl\/#organization"},"potentialAction":[{"@type":"SearchAction","target":{"@type":"EntryPoint","urlTemplate":"https:\/\/moovininteriors.pl\/?s={search_term_string}"},"query-input":{"@type":"PropertyValueSpecification","valueRequired":true,"valueName":"search_term_string"}}],"inLanguage":"ko-KR"},{"@type":"Organization","@id":"https:\/\/moovininteriors.pl\/#organization","name":"\ubb34\ube44\uc778\ud14c\ub9ac\uc5b4","url":"https:\/\/moovininteriors.pl\/","logo":{"@type":"ImageObject","inLanguage":"ko-KR","@id":"https:\/\/moovininteriors.pl\/#\/schema\/logo\/image\/","url":"https:\/\/moovininteriors.pl\/wp-content\/uploads\/sites\/2\/2025\/11\/cropped-cropped-MOOVIN_LOGO_WHITE2_RGB-e1761658208344.png","contentUrl":"https:\/\/moovininteriors.pl\/wp-content\/uploads\/sites\/2\/2025\/11\/cropped-cropped-MOOVIN_LOGO_WHITE2_RGB-e1761658208344.png","width":310,"height":170,"caption":"Moovininteriors"},"image":{"@id":"https:\/\/moovininteriors.pl\/#\/schema\/logo\/image\/"}}]}},"_links":{"self":[{"href":"https:\/\/moovininteriors.pl\/ko\/wp-json\/wp\/v2\/pages\/28","targetHints":{"allow":["GET"]}}],"collection":[{"href":"https:\/\/moovininteriors.pl\/ko\/wp-json\/wp\/v2\/pages"}],"about":[{"href":"https:\/\/moovininteriors.pl\/ko\/wp-json\/wp\/v2\/types\/page"}],"author":[{"embeddable":true,"href":"https:\/\/moovininteriors.pl\/ko\/wp-json\/wp\/v2\/users\/1"}],"replies":[{"embeddable":true,"href":"https:\/\/moovininteriors.pl\/ko\/wp-json\/wp\/v2\/comments?post=28"}],"version-history":[{"count":2,"href":"https:\/\/moovininteriors.pl\/ko\/wp-json\/wp\/v2\/pages\/28\/revisions"}],"predecessor-version":[{"id":8280,"href":"https:\/\/moovininteriors.pl\/ko\/wp-json\/wp\/v2\/pages\/28\/revisions\/8280"}],"wp:featuredmedia":[{"embeddable":true,"href":"https:\/\/moovininteriors.pl\/ko\/wp-json\/wp\/v2\/media\/7686"}],"wp:attachment":[{"href":"https:\/\/moovininteriors.pl\/ko\/wp-json\/wp\/v2\/media?parent=28"}],"curies":[{"name":"wp","href":"https:\/\/api.w.org\/{rel}","templated":true}]}}